{"id":907,"date":"2026-03-16T01:58:05","date_gmt":"2026-03-15T17:58:05","guid":{"rendered":"https:\/\/labrujadelatribu.com\/?post_type=product&#038;p=907"},"modified":"2026-05-01T06:45:42","modified_gmt":"2026-04-30T22:45:42","slug":"tarot-terapeutico","status":"publish","type":"product","link":"https:\/\/labrujadelatribu.com\/en\/product\/tarot-terapeutico\/","title":{"rendered":"Therapeutic Tarot"},"content":{"rendered":"<p><span style=\"font-weight: 400;\">El Tarot Terap\u00e9utico es una herramienta de autoconocimiento que utiliza las cartas como un lenguaje simb\u00f3lico para comprender lo que est\u00e1 ocurriendo en tu vida desde una perspectiva m\u00e1s consciente.<\/span><\/p>\n<p><span style=\"font-weight: 400;\">A diferencia de la idea tradicional del tarot como predicci\u00f3n, esta sesi\u00f3n no busca adivinar el futuro, sino revelar aquello que necesita ser visto en el presente para tomar decisiones con mayor claridad.<\/span><\/p>\n<p><span style=\"font-weight: 400;\">Las cartas funcionan como un espejo que permite observar:<\/span><\/p>\n<ul>\n<li style=\"font-weight: 400;\" aria-level=\"1\"><span style=\"font-weight: 400;\">Situaciones que se repiten<\/span><\/li>\n<li style=\"font-weight: 400;\" aria-level=\"1\"><span style=\"font-weight: 400;\">Emociones que no han sido comprendidas<\/span><\/li>\n<li style=\"font-weight: 400;\" aria-level=\"1\"><span style=\"font-weight: 400;\">Conflictos internos que necesitan claridad<\/span><\/li>\n<li style=\"font-weight: 400;\" aria-level=\"1\"><span style=\"font-weight: 400;\">Decisiones que requieren conciencia<\/span><\/li>\n<li style=\"font-weight: 400;\" aria-level=\"1\"><span style=\"font-weight: 400;\">Aspectos inconscientes que influyen en tu vida<\/span><\/li>\n<\/ul>\n<p><span style=\"font-weight: 400;\">Esta sesi\u00f3n puede ayudarte si:<\/span><\/p>\n<ul>\n<li style=\"font-weight: 400;\" aria-level=\"1\"><span style=\"font-weight: 400;\">Est\u00e1s en una etapa de decisiones importantes<\/span><\/li>\n<li style=\"font-weight: 400;\" aria-level=\"1\"><span style=\"font-weight: 400;\">Sientes confusi\u00f3n emocional<\/span><\/li>\n<li style=\"font-weight: 400;\" aria-level=\"1\"><span style=\"font-weight: 400;\">No comprendes por qu\u00e9 repites ciertas situaciones<\/span><\/li>\n<li style=\"font-weight: 400;\" aria-level=\"1\"><span style=\"font-weight: 400;\">Quieres claridad en temas como amor, trabajo o prop\u00f3sito<\/span><\/li>\n<li style=\"font-weight: 400;\" aria-level=\"1\"><span style=\"font-weight: 400;\">Necesitas mirar una situaci\u00f3n desde otra perspectiva<\/span><\/li>\n<\/ul>\n<p><span style=\"font-weight: 400;\">A nivel terap\u00e9utico, el tarot ayuda a poner palabras e im\u00e1genes a lo que muchas veces se siente internamente pero no se logra comprender del todo.<\/span><\/p>\n<p><span style=\"font-weight: 400;\">Es un espacio para observar, comprender y tomar decisiones desde la conciencia, no desde el miedo.<\/span><\/p>\n<p><span style=\"font-weight: 400;\">Duraci\u00f3n disponible:<\/span><\/p>\n<p><span style=\"font-weight: 400;\">Sesi\u00f3n breve \u2014 30 minutos<\/span><span style=\"font-weight: 400;\"><br \/>\n<\/span><span style=\"font-weight: 400;\"> USD $35<\/span><span style=\"font-weight: 400;\"><br \/>\n<\/span><span style=\"font-weight: 400;\"> AUD $41<\/span><\/p>\n<p><span style=\"font-weight: 400;\">Sesi\u00f3n profunda \u2014 1 hora<\/span><span style=\"font-weight: 400;\"><br \/>\n<\/span><span style=\"font-weight: 400;\"> USD $55<\/span><span style=\"font-weight: 400;\"><br \/>\n<\/span><span style=\"font-weight: 400;\"> AUD $70<\/span><\/p>\n<p><span style=\"font-weight: 400;\">Sesi\u00f3n completa \u2014 Lectura profunda<\/span><span style=\"font-weight: 400;\"><br \/>\n<\/span><span style=\"font-weight: 400;\"> USD $60<\/span><span style=\"font-weight: 400;\"><br \/>\n<\/span><span style=\"font-weight: 400;\"> AUD $80<\/span><\/p>","protected":false},"excerpt":{"rendered":"<p><b>El tarot terap\u00e9utico no predice, revela.<\/b><\/p>\n<p><b>Es un espejo del alma <\/b><span style=\"font-weight: 400;\">que muestra lo que necesitas ver para poder transformar y avanzar con suma claridad<\/span><\/p>\n<p><b>A nivel terap\u00e9utico lo necesitas cuando est\u00e1s en una encrucijada, cuando no entiendes por qu\u00e9 repites ciertas situaciones, o cuando deseas claridad para tomar decisiones hacia tu mejor evoluci\u00f3n y camino.<\/b><\/p>\n<p><b>Te ayuda a poner luz sobre lo inconsciente<\/b><span style=\"font-weight: 400;\">, a comprender lo que no est\u00e1s viendo, y a recuperar tu fuerza para elegir desde el alma, coraz\u00f3n, intuici\u00f3n, mente y no desde el miedo<\/span><\/p>","protected":false},"featured_media":1002,"template":"","meta":[],"product_brand":[],"product_cat":[25],"product_tag":[],"class_list":{"0":"post-907","1":"product","2":"type-product","3":"status-publish","4":"has-post-thumbnail","6":"product_cat-terapia","8":"first","9":"instock","10":"shipping-taxable","11":"purchasable","12":"product-type-variable"},"_links":{"self":[{"href":"https:\/\/labrujadelatribu.com\/en\/wp-json\/wp\/v2\/product\/907","targetHints":{"allow":["GET"]}}],"collection":[{"href":"https:\/\/labrujadelatribu.com\/en\/wp-json\/wp\/v2\/product"}],"about":[{"href":"https:\/\/labrujadelatribu.com\/en\/wp-json\/wp\/v2\/types\/product"}],"wp:featuredmedia":[{"embeddable":true,"href":"https:\/\/labrujadelatribu.com\/en\/wp-json\/wp\/v2\/media\/1002"}],"wp:attachment":[{"href":"https:\/\/labrujadelatribu.com\/en\/wp-json\/wp\/v2\/media?parent=907"}],"wp:term":[{"taxonomy":"product_brand","embeddable":true,"href":"https:\/\/labrujadelatribu.com\/en\/wp-json\/wp\/v2\/product_brand?post=907"},{"taxonomy":"product_cat","embeddable":true,"href":"https:\/\/labrujadelatribu.com\/en\/wp-json\/wp\/v2\/product_cat?post=907"},{"taxonomy":"product_tag","embeddable":true,"href":"https:\/\/labrujadelatribu.com\/en\/wp-json\/wp\/v2\/product_tag?post=907"}],"curies":[{"name":"wp","href":"https:\/\/api.w.org\/{rel}","templated":true}]}}