{"id":527,"date":"2021-12-23T22:41:39","date_gmt":"2021-12-23T22:41:39","guid":{"rendered":"https:\/\/startersites.io\/blocksy\/garderobe\/?post_type=product&#038;p=527"},"modified":"2026-04-30T06:46:33","modified_gmt":"2026-04-29T22:46:33","slug":"revolucion-solar","status":"publish","type":"product","link":"https:\/\/labrujadelatribu.com\/en\/product\/revolucion-solar\/","title":{"rendered":"Solar Revolurtion"},"content":{"rendered":"<p><span style=\"font-weight: 400;\">Cada a\u00f1o, una sesi\u00f3n de revoluci\u00f3n solar es una consulta astrol\u00f3gica personalizada que se realiza alrededor de tu cumplea\u00f1os. Durante esta sesi\u00f3n, se crea una nueva carta astral, llamada revoluci\u00f3n solar, que refleja las energ\u00edas y temas principales que estar\u00e1n presentes en tu vida durante el pr\u00f3ximo a\u00f1o. Aunque tu signo solar permanece el mismo, el ascendente y otras posiciones planetarias cambian, proporcionando un panorama renovado de influencias c\u00f3smicas.<\/span><\/p>\n<p><span style=\"font-weight: 400;\">-Son 90 minutos a trav\u00e9s de zoom.<\/span><\/p>\n<p><span style=\"font-weight: 400;\">-Incluye la grabaci\u00f3n de tu lectura para que la descargues<\/span><\/p>\n<p><span style=\"font-weight: 400;\">-Importante: Necesitamos tu hora de nacimiento.\u00a0<\/span><\/p>","protected":false},"excerpt":{"rendered":"<p><span style=\"font-weight: 400;\">Cada a\u00f1o, una sesi\u00f3n de revoluci\u00f3n solar es una consulta astrol\u00f3gica personalizada que se realiza alrededor de tu cumplea\u00f1os. Durante esta sesi\u00f3n, se crea una nueva carta astral, llamada revoluci\u00f3n solar, que refleja las energ\u00edas y temas principales que estar\u00e1n presentes en tu vida durante el pr\u00f3ximo a\u00f1o. Aunque tu signo solar permanece el mismo, el ascendente y otras posiciones planetarias cambian, proporcionando un panorama renovado de influencias c\u00f3smicas.<\/span><\/p>\n<p><span style=\"font-weight: 400;\">-Son 90 minutos a trav\u00e9s de zoom.<\/span><\/p>\n<p><span style=\"font-weight: 400;\">-Incluye la grabaci\u00f3n de tu lectura para que la descargues<\/span><\/p>\n<p><span style=\"font-weight: 400;\">-Importante: Necesitamos tu hora de nacimiento.\u00a0<\/span><\/p>","protected":false},"featured_media":993,"template":"","meta":[],"product_brand":[],"product_cat":[25],"product_tag":[],"class_list":{"0":"post-527","1":"product","2":"type-product","3":"status-publish","4":"has-post-thumbnail","6":"product_cat-terapia","8":"first","9":"instock","10":"sale","11":"shipping-taxable","12":"purchasable","13":"product-type-simple"},"_links":{"self":[{"href":"https:\/\/labrujadelatribu.com\/en\/wp-json\/wp\/v2\/product\/527","targetHints":{"allow":["GET"]}}],"collection":[{"href":"https:\/\/labrujadelatribu.com\/en\/wp-json\/wp\/v2\/product"}],"about":[{"href":"https:\/\/labrujadelatribu.com\/en\/wp-json\/wp\/v2\/types\/product"}],"wp:featuredmedia":[{"embeddable":true,"href":"https:\/\/labrujadelatribu.com\/en\/wp-json\/wp\/v2\/media\/993"}],"wp:attachment":[{"href":"https:\/\/labrujadelatribu.com\/en\/wp-json\/wp\/v2\/media?parent=527"}],"wp:term":[{"taxonomy":"product_brand","embeddable":true,"href":"https:\/\/labrujadelatribu.com\/en\/wp-json\/wp\/v2\/product_brand?post=527"},{"taxonomy":"product_cat","embeddable":true,"href":"https:\/\/labrujadelatribu.com\/en\/wp-json\/wp\/v2\/product_cat?post=527"},{"taxonomy":"product_tag","embeddable":true,"href":"https:\/\/labrujadelatribu.com\/en\/wp-json\/wp\/v2\/product_tag?post=527"}],"curies":[{"name":"wp","href":"https:\/\/api.w.org\/{rel}","templated":true}]}}