{"id":525,"date":"2021-12-23T22:39:55","date_gmt":"2021-12-23T22:39:55","guid":{"rendered":"https:\/\/startersites.io\/blocksy\/garderobe\/?post_type=product&#038;p=525"},"modified":"2026-05-01T06:47:14","modified_gmt":"2026-04-30T22:47:14","slug":"registros-akashicos","status":"publish","type":"product","link":"https:\/\/labrujadelatribu.com\/en\/product\/registros-akashicos\/","title":{"rendered":"Akashic Records"},"content":{"rendered":"<p><span style=\"font-weight: 400;\">Los Registros Ak\u00e1shicos son un espacio de conexi\u00f3n espiritual que permite acceder a la memoria energ\u00e9tica de tu alma. Se entienden como un campo de informaci\u00f3n donde se guardan experiencias, aprendizajes y procesos que han formado parte de tu camino a lo largo del tiempo.<\/span><\/p>\n<p><span style=\"font-weight: 400;\">Esta sesi\u00f3n es especialmente valiosa cuando necesitas comprender el sentido m\u00e1s profundo de lo que est\u00e1s viviendo o cuando sientes que est\u00e1s atravesando un momento de confusi\u00f3n, b\u00fasqueda o transformaci\u00f3n personal.<\/span><\/p>\n<p><span style=\"font-weight: 400;\">Durante la apertura de tus Registros Ak\u00e1shicos, se recibe informaci\u00f3n canalizada que puede ayudarte a comprender:<\/span><\/p>\n<ul>\n<li style=\"font-weight: 400;\" aria-level=\"1\"><span style=\"font-weight: 400;\">Qu\u00e9 est\u00e1 ocurriendo en tu vida desde una mirada m\u00e1s amplia<\/span><\/li>\n<li style=\"font-weight: 400;\" aria-level=\"1\"><span style=\"font-weight: 400;\">Qu\u00e9 aprendizajes est\u00e1 atravesando tu alma en este momento<\/span><\/li>\n<li style=\"font-weight: 400;\" aria-level=\"1\"><span style=\"font-weight: 400;\">Qu\u00e9 patrones necesitas comprender o soltar<\/span><\/li>\n<li style=\"font-weight: 400;\" aria-level=\"1\"><span style=\"font-weight: 400;\">Qu\u00e9 aspectos de tu historia requieren perd\u00f3n o aceptaci\u00f3n<\/span><\/li>\n<li style=\"font-weight: 400;\" aria-level=\"1\"><span style=\"font-weight: 400;\">C\u00f3mo conectar con tu intuici\u00f3n y tu gu\u00eda interna<\/span><\/li>\n<li style=\"font-weight: 400;\" aria-level=\"1\"><span style=\"font-weight: 400;\">Qu\u00e9 direcci\u00f3n puede estar tomando tu camino personal<\/span><\/li>\n<\/ul>\n<p><span style=\"font-weight: 400;\">Muchas personas buscan esta sesi\u00f3n cuando sienten que est\u00e1n en un momento de cambio, crisis espiritual o b\u00fasqueda de prop\u00f3sito.<\/span><\/p>\n<p><span style=\"font-weight: 400;\">A nivel terap\u00e9utico, los Registros Ak\u00e1shicos ayudan a:<\/span><\/p>\n<ul>\n<li style=\"font-weight: 400;\" aria-level=\"1\"><span style=\"font-weight: 400;\">Traer claridad en momentos de confusi\u00f3n<\/span><\/li>\n<li style=\"font-weight: 400;\" aria-level=\"1\"><span style=\"font-weight: 400;\">Comprender procesos emocionales profundos<\/span><\/li>\n<li style=\"font-weight: 400;\" aria-level=\"1\"><span style=\"font-weight: 400;\">Liberar cargas emocionales antiguas<\/span><\/li>\n<li style=\"font-weight: 400;\" aria-level=\"1\"><span style=\"font-weight: 400;\">Reconectar con el sentido personal de vida<\/span><\/li>\n<li style=\"font-weight: 400;\" aria-level=\"1\"><span style=\"font-weight: 400;\">Fortalecer la conexi\u00f3n con tu intuici\u00f3n<\/span><\/li>\n<\/ul>\n<p><span style=\"font-weight: 400;\">La sesi\u00f3n se desarrolla en un espacio seguro, respetuoso y consciente, donde puedes formular preguntas importantes para tu vida actual.<\/span><\/p>\n<p><span style=\"font-weight: 400;\">Duraci\u00f3n: 1 hora a 1 hora 20 minutos<\/span><span style=\"font-weight: 400;\"><br \/>\n<\/span><span style=\"font-weight: 400;\"> Incluye:<\/span><\/p>\n<ul>\n<li style=\"font-weight: 400;\" aria-level=\"1\"><span style=\"font-weight: 400;\">Mensaje inicial canalizado<\/span><\/li>\n<li style=\"font-weight: 400;\" aria-level=\"1\"><span style=\"font-weight: 400;\">Respuesta a 4 preguntas personales<\/span><\/li>\n<\/ul>","protected":false},"excerpt":{"rendered":"<p><b>Los Registros Ak\u00e1shicos abren una puerta a la memoria de tu alma.<\/b><span style=\"font-weight: 400;\"> Son un camino para comprender por qu\u00e9 est\u00e1s viviendo lo que est\u00e1s viviendo, qu\u00e9 viniste a aprender, y qu\u00e9 necesitas soltar para avanzar.<\/span><\/p>\n<p><b>A nivel terap\u00e9utico los necesitas cuando hay confusi\u00f3n, cuando sientes que la vida no tiene sentido, cuando est\u00e1s en una crisis espiritual o quieres conectar con tu gu\u00eda interna m\u00e1s profunda.<\/b><\/p>\n<p><span style=\"font-weight: 400;\">Te ayudan a recordar tu verdad, <\/span><b>a comprender heridas de vidas pasadas, a perdonarte y a recuperar tu poder espiritual.<\/b><\/p>\n<p><span style=\"font-weight: 400;\">La Sesi\u00f3n 1 hora a 1:20. Se responden 4 preguntas y de inicio siempre se entrega informaci\u00f3n canalizada que tus maestros quieren que sepas.<\/span><\/p>","protected":false},"featured_media":1006,"template":"","meta":[],"product_brand":[],"product_cat":[25],"product_tag":[],"class_list":{"0":"post-525","1":"product","2":"type-product","3":"status-publish","4":"has-post-thumbnail","6":"product_cat-terapia","8":"first","9":"instock","10":"sale","11":"shipping-taxable","12":"purchasable","13":"product-type-simple"},"_links":{"self":[{"href":"https:\/\/labrujadelatribu.com\/en\/wp-json\/wp\/v2\/product\/525","targetHints":{"allow":["GET"]}}],"collection":[{"href":"https:\/\/labrujadelatribu.com\/en\/wp-json\/wp\/v2\/product"}],"about":[{"href":"https:\/\/labrujadelatribu.com\/en\/wp-json\/wp\/v2\/types\/product"}],"wp:featuredmedia":[{"embeddable":true,"href":"https:\/\/labrujadelatribu.com\/en\/wp-json\/wp\/v2\/media\/1006"}],"wp:attachment":[{"href":"https:\/\/labrujadelatribu.com\/en\/wp-json\/wp\/v2\/media?parent=525"}],"wp:term":[{"taxonomy":"product_brand","embeddable":true,"href":"https:\/\/labrujadelatribu.com\/en\/wp-json\/wp\/v2\/product_brand?post=525"},{"taxonomy":"product_cat","embeddable":true,"href":"https:\/\/labrujadelatribu.com\/en\/wp-json\/wp\/v2\/product_cat?post=525"},{"taxonomy":"product_tag","embeddable":true,"href":"https:\/\/labrujadelatribu.com\/en\/wp-json\/wp\/v2\/product_tag?post=525"}],"curies":[{"name":"wp","href":"https:\/\/api.w.org\/{rel}","templated":true}]}}