{"id":523,"date":"2021-12-23T22:37:43","date_gmt":"2021-12-23T22:37:43","guid":{"rendered":"https:\/\/startersites.io\/blocksy\/garderobe\/?post_type=product&#038;p=523"},"modified":"2026-04-30T06:31:20","modified_gmt":"2026-04-29T22:31:20","slug":"linaje-femenino","status":"publish","type":"product","link":"https:\/\/labrujadelatribu.com\/en\/product\/linaje-femenino\/","title":{"rendered":"Healing of female lineage combined with uterine activation and healing"},"content":{"rendered":"<p><span style=\"font-weight: 400;\">Esta sesi\u00f3n es un proceso terap\u00e9utico profundo enfocado en la sanaci\u00f3n del linaje femenino, la relaci\u00f3n con la madre y las memorias emocionales que habitan en el cuerpo, especialmente en el \u00fatero.<\/span><\/p>\n<p><span style=\"font-weight: 400;\">Muchas experiencias que vivimos no comienzan con nosotras, sino que forman parte de historias familiares que se han transmitido a trav\u00e9s de generaciones.<\/span><\/p>\n<p><span style=\"font-weight: 400;\">Esta terapia combina:<\/span><\/p>\n<ul>\n<li style=\"font-weight: 400;\" aria-level=\"1\"><span style=\"font-weight: 400;\">Constelaciones familiares<\/span><\/li>\n<li style=\"font-weight: 400;\" aria-level=\"1\"><span style=\"font-weight: 400;\">Trabajo emocional profundo<\/span><\/li>\n<li style=\"font-weight: 400;\" aria-level=\"1\"><span style=\"font-weight: 400;\">Ritual terap\u00e9utico y simb\u00f3lico<\/span><\/li>\n<li style=\"font-weight: 400;\" aria-level=\"1\"><span style=\"font-weight: 400;\">Conexi\u00f3n con la energ\u00eda del linaje<\/span><\/li>\n<\/ul>\n<p><span style=\"font-weight: 400;\">Es una sesi\u00f3n especialmente indicada para trabajar:<\/span><\/p>\n<ul>\n<li style=\"font-weight: 400;\" aria-level=\"1\"><span style=\"font-weight: 400;\">Heridas de abandono<\/span><\/li>\n<li style=\"font-weight: 400;\" aria-level=\"1\"><span style=\"font-weight: 400;\">Heridas de rechazo<\/span><\/li>\n<li style=\"font-weight: 400;\" aria-level=\"1\"><span style=\"font-weight: 400;\">Sensaci\u00f3n de desvalorizaci\u00f3n<\/span><\/li>\n<li style=\"font-weight: 400;\" aria-level=\"1\"><span style=\"font-weight: 400;\">Conflictos con madre o padre<\/span><\/li>\n<li style=\"font-weight: 400;\" aria-level=\"1\"><span style=\"font-weight: 400;\">Bloqueos emocionales heredados<\/span><\/li>\n<li style=\"font-weight: 400;\" aria-level=\"1\"><span style=\"font-weight: 400;\">Dificultades en relaciones afectivas<\/span><\/li>\n<li style=\"font-weight: 400;\" aria-level=\"1\"><span style=\"font-weight: 400;\">Desconexi\u00f3n con la propia feminidad<\/span><\/li>\n<li style=\"font-weight: 400;\" aria-level=\"1\"><span style=\"font-weight: 400;\">Procesos de duelo emocional<\/span><\/li>\n<li style=\"font-weight: 400;\" aria-level=\"1\"><span style=\"font-weight: 400;\">Relaci\u00f3n con el cuerpo y la identidad femenina<\/span><\/li>\n<\/ul>\n<p><span style=\"font-weight: 400;\">A nivel terap\u00e9utico, esta sesi\u00f3n permite:<\/span><\/p>\n<ul>\n<li style=\"font-weight: 400;\" aria-level=\"1\"><span style=\"font-weight: 400;\">Liberar memorias emocionales heredadas<\/span><\/li>\n<li style=\"font-weight: 400;\" aria-level=\"1\"><span style=\"font-weight: 400;\">Reconectar con la ni\u00f1a interior<\/span><\/li>\n<li style=\"font-weight: 400;\" aria-level=\"1\"><span style=\"font-weight: 400;\">Fortalecer la autoestima emocional<\/span><\/li>\n<li style=\"font-weight: 400;\" aria-level=\"1\"><span style=\"font-weight: 400;\">Comprender tu historia desde otro lugar<\/span><\/li>\n<li style=\"font-weight: 400;\" aria-level=\"1\"><span style=\"font-weight: 400;\">Recuperar el v\u00ednculo contigo misma<\/span><\/li>\n<li style=\"font-weight: 400;\" aria-level=\"1\"><span style=\"font-weight: 400;\">Honrar tu origen sin cargar con su dolor<\/span><\/li>\n<\/ul>\n<p><span style=\"font-weight: 400;\">Es un espacio profundo y amoroso que invita a habitar tu historia con conciencia y abrir espacio a una nueva forma de vivir.<\/span><\/p>\n<p><span style=\"font-weight: 400;\">Duraci\u00f3n: 1 hora 30 minutos<\/span><span style=\"font-weight: 400;\"><br \/>\n<\/span><span style=\"font-weight: 400;\"> Modalidad: Sesi\u00f3n individual v\u00eda Zoom<\/span><\/p>","protected":false},"excerpt":{"rendered":"<p><b>Tu coraz\u00f3n guarda memorias ancestrales y las heridas de tu ni\u00f1@ interior.<\/b><span style=\"font-weight: 400;\"> En estas sesiones privadas, te gu\u00edo a trav\u00e9s de un proceso profundo de sanaci\u00f3n con constelaciones familiares y cacao ceremonial.<\/span><\/p>\n<p><b>A nivel terapeutico te permite liberar bloqueos, transformar tus relaciones y reconectar con tu esencia.<\/b><\/p>\n<p><span style=\"font-weight: 400;\">Heridas de infancia (abandono, rechazo, desvalorizaci\u00f3n).<\/span><\/p>\n<p><span style=\"font-weight: 400;\">Relaci\u00f3n con mam\u00e1, pap\u00e1. Sanaci\u00f3n del linaje femenino o masculino. Liberaci\u00f3n de patrones heredados y bloqueos emocionales.<\/span><\/p>\n<p><span style=\"font-weight: 400;\">T<\/span><b>e ayudan a liberar cargas que no son tuyas,<\/b><span style=\"font-weight: 400;\"> a coonectar ni\u00f1@ interior, con tu alma y coraz\u00f3n a honrar tu origen, a abrir el coraz\u00f3n para dejar de sobrevivir<\/span><\/p>\n<p><span style=\"font-weight: 400;\">Sesi\u00f3n individual (1h 30 min)<\/span><\/p>","protected":false},"featured_media":991,"template":"","meta":[],"product_brand":[],"product_cat":[25],"product_tag":[],"class_list":{"0":"post-523","1":"product","2":"type-product","3":"status-publish","4":"has-post-thumbnail","6":"product_cat-terapia","8":"first","9":"instock","10":"sale","11":"shipping-taxable","12":"purchasable","13":"product-type-simple"},"_links":{"self":[{"href":"https:\/\/labrujadelatribu.com\/en\/wp-json\/wp\/v2\/product\/523","targetHints":{"allow":["GET"]}}],"collection":[{"href":"https:\/\/labrujadelatribu.com\/en\/wp-json\/wp\/v2\/product"}],"about":[{"href":"https:\/\/labrujadelatribu.com\/en\/wp-json\/wp\/v2\/types\/product"}],"wp:featuredmedia":[{"embeddable":true,"href":"https:\/\/labrujadelatribu.com\/en\/wp-json\/wp\/v2\/media\/991"}],"wp:attachment":[{"href":"https:\/\/labrujadelatribu.com\/en\/wp-json\/wp\/v2\/media?parent=523"}],"wp:term":[{"taxonomy":"product_brand","embeddable":true,"href":"https:\/\/labrujadelatribu.com\/en\/wp-json\/wp\/v2\/product_brand?post=523"},{"taxonomy":"product_cat","embeddable":true,"href":"https:\/\/labrujadelatribu.com\/en\/wp-json\/wp\/v2\/product_cat?post=523"},{"taxonomy":"product_tag","embeddable":true,"href":"https:\/\/labrujadelatribu.com\/en\/wp-json\/wp\/v2\/product_tag?post=523"}],"curies":[{"name":"wp","href":"https:\/\/api.w.org\/{rel}","templated":true}]}}