{"id":203,"date":"2021-12-17T16:46:02","date_gmt":"2021-12-17T16:46:02","guid":{"rendered":"https:\/\/startersites.io\/blocksy\/garderobe\/?page_id=203"},"modified":"2026-03-24T04:56:39","modified_gmt":"2026-03-23T20:56:39","slug":"about-us","status":"publish","type":"page","link":"https:\/\/labrujadelatribu.com\/en\/about-us\/","title":{"rendered":"About me"},"content":{"rendered":"<div class=\"wp-block-stackable-heading stk-block-heading stk-block-heading--v2 stk-block stk-2efe9be\" id=\"quien-soy-yo\" data-block-id=\"2efe9be\"><style>.stk-2efe9be .stk-block-heading__text{text-shadow:none !important;font-size:45px !important;color:var(--stk-global-color-6531, #6b55a6) !important;font-weight:300 !important;font-family:\"tan-moncherie\", Sans-serif !important;}@media screen and (max-width:999px){.stk-2efe9be .stk-block-heading__text{font-size:45px !important;}}<\/style><h2 class=\"stk-block-heading__text has-text-color has-text-align-center\">Who am I?<\/h2><\/div>\n\n\n\n<div class=\"wp-block-stackable-feature stk-block-feature stk-block stk-2da6f47 is-style-default\" data-v=\"2\" data-block-id=\"2da6f47\"><style>.stk-2da6f47 {--stk-feature-flex-wrap:nowrap !important;}<\/style><div class=\"stk-content-align stk-2da6f47-column stk-container stk-2da6f47-container stk--no-background stk--no-padding\"><div class=\"stk-inner-blocks stk-block-content stk-row\">\n<div class=\"wp-block-stackable-column stk-block-column stk-column stk-block stk-6b31301\" data-v=\"4\" data-block-id=\"6b31301\"><style>.stk-6b31301 {align-self:center !important;}@media screen and (min-width:690px){.stk-6b31301 {flex:var(--stk-flex-grow, 1) 1 calc(52.4% - var(--stk-column-gap, 0px) * 1 \/ 2 ) !important;}}<\/style><div class=\"stk-column-wrapper stk-block-column__content stk-container stk-6b31301-container stk--no-background stk--no-padding\"><div class=\"stk-block-content stk-inner-blocks stk-6b31301-inner-blocks\">\n<div class=\"wp-block-stackable-heading stk-block-heading stk-block-heading--v2 stk-block stk-aadbdef\" id=\"hola-me-llamo-isidora-y-soy-creadora-de-este-espacio\" data-block-id=\"aadbdef\"><style>.stk-aadbdef .stk-block-heading__text{font-weight:300 !important;font-family:\"tan-moncherie\", Sans-serif !important;}<\/style><h2 class=\"stk-block-heading__text has-text-align-left\">Hello, my name is Isidora and I am the creator of this space.<\/h2><\/div>\n\n\n\n<div class=\"wp-block-stackable-text stk-block-text stk-block stk-cc25a11\" data-block-id=\"cc25a11\"><style>.stk-cc25a11 .stk-block-text__text{font-family:\"Raleway\", Sans-serif !important;}<\/style><p class=\"stk-block-text__text\">I am a transgenerational therapist and a guide in family constellations and deep healing ceremonies.<\/p><\/div>\n\n\n\n<p data-block-type=\"core\">The Witch of the Tribe was born from my own journey. From uncomfortable questions, from open wounds, and from that persistent feeling that some conflicts were repeating themselves over and over again, like a broken record.<\/p>\n\n\n\n<p data-block-type=\"core\">In 2020 I said \u201cenough.\u201d I decided to go to the source, to face what hurt head-on, and to embark on a journey of no return toward understanding: the why, the wherefore, and the root of what weighs on my soul. In that process, I discovered something essential: even in the deepest darkness, a light dwells, waiting to be recognized.<\/p>\n\n\n\n<p data-block-type=\"core\">I am Isidora Osorio Cartagena. Therapist, guide, a woman in constant learning. And, above all, a human being having a spiritual experience on Earth.<\/p>\n<\/div><\/div><\/div>\n\n\n\n<div class=\"wp-block-stackable-column stk-block-column stk-column stk-block stk-ca9b7c6\" data-v=\"4\" data-block-id=\"ca9b7c6\"><style>.stk-ca9b7c6 {align-self:center !important;}@media screen and (min-width:690px){.stk-ca9b7c6 {flex:var(--stk-flex-grow, 1) 1 calc(47.6% - var(--stk-column-gap, 0px) * 1 \/ 2 ) !important;}}<\/style><div class=\"stk-column-wrapper stk-block-column__content stk-container stk-ca9b7c6-container stk--no-background stk--no-padding\"><div class=\"stk-block-content stk-inner-blocks stk-ca9b7c6-inner-blocks\">\n<div class=\"wp-block-stackable-image stk-block-image stk-block stk-d15b09e\" data-block-id=\"d15b09e\"><style>.stk-d15b09e .stk-img-wrapper{width:80% !important;}<\/style><figure><span class=\"stk-img-wrapper stk-image--shape-stretch\"><img loading=\"lazy\" decoding=\"async\" class=\"stk-img wp-image-959\" src=\"https:\/\/labrujadelatribu.com\/wp-content\/uploads\/2026\/03\/IMG_3512-scaled.jpg\" width=\"1707\" height=\"2560\" srcset=\"https:\/\/labrujadelatribu.com\/wp-content\/uploads\/2026\/03\/IMG_3512-scaled.jpg 1707w, https:\/\/labrujadelatribu.com\/wp-content\/uploads\/2026\/03\/IMG_3512-200x300.jpg 200w, https:\/\/labrujadelatribu.com\/wp-content\/uploads\/2026\/03\/IMG_3512-683x1024.jpg 683w, https:\/\/labrujadelatribu.com\/wp-content\/uploads\/2026\/03\/IMG_3512-768x1152.jpg 768w, https:\/\/labrujadelatribu.com\/wp-content\/uploads\/2026\/03\/IMG_3512-1024x1536.jpg 1024w, https:\/\/labrujadelatribu.com\/wp-content\/uploads\/2026\/03\/IMG_3512-1365x2048.jpg 1365w, https:\/\/labrujadelatribu.com\/wp-content\/uploads\/2026\/03\/IMG_3512-300x450.jpg 300w, https:\/\/labrujadelatribu.com\/wp-content\/uploads\/2026\/03\/IMG_3512-600x900.jpg 600w\" sizes=\"auto, (max-width: 1707px) 100vw, 1707px\" \/><\/span><\/figure><\/div>\n<\/div><\/div><\/div>\n<\/div><\/div><\/div>\n\n\n\n<div class=\"wp-block-stackable-feature stk-block-feature stk-block stk-0641498 is-style-default\" data-v=\"2\" data-block-id=\"0641498\"><style>.stk-0641498 {--stk-feature-flex-wrap:nowrap !important;}<\/style><div class=\"stk-content-align stk-0641498-column stk-container stk-0641498-container stk--no-background stk--no-padding\"><div class=\"stk-inner-blocks stk-block-content stk-row\">\n<div class=\"wp-block-stackable-column stk-block-column stk-column stk-block stk-ba661b7\" data-v=\"4\" data-block-id=\"ba661b7\"><style>.stk-ba661b7 {align-self:center !important;}@media screen and (min-width:690px){.stk-ba661b7 {flex:var(--stk-flex-grow, 1) 1 calc(50% - var(--stk-column-gap, 0px) * 1 \/ 2 ) !important;}}<\/style><div class=\"stk-column-wrapper stk-block-column__content stk-container stk-ba661b7-container stk--no-background stk--no-padding\"><div class=\"stk-block-content stk-inner-blocks stk-ba661b7-inner-blocks\">\n<p data-block-type=\"core\"><\/p>\n\n\n\n<div class=\"wp-block-stackable-heading stk-block-heading stk-block-heading--v2 stk-block stk-5469f16\" id=\"mis-signos-son\" data-block-id=\"5469f16\"><style>.stk-5469f16 .stk-block-heading__text{font-weight:300 !important;font-family:\"tan-moncherie\", Sans-serif !important;}<\/style><h2 class=\"stk-block-heading__text has-text-align-left\">My signs are:<\/h2><\/div>\n\n\n\n<p data-block-type=\"core\" class=\"translation-block\">With my <strong>Midheaven in Scorpio<\/strong>, my purpose is clear: to go deep, to the hidden, because that is where true greatness resides.<\/p>\n\n\n\n<p data-block-type=\"core\" class=\"translation-block\">And with <strong>Chiron in the 8th house<\/strong>, I understood that my wound is one of transformation and transgenerational transmission. I came to heal myself; and on that path, to accompany others in their healing as well.<\/p>\n\n\n\n<p data-block-type=\"core\" class=\"translation-block\"><strong>My Aquarian<\/strong> vision guides me, questioning the established order and choosing to live in sovereignty and freedom. <strong>My Piscean<\/strong> sensitivity perceives the invisible, while my <strong>Libra Moon<\/strong> seeks balance and harmony in relationships.<\/p>\n<\/div><\/div><\/div>\n\n\n\n<div class=\"wp-block-stackable-column stk-block-column stk-column stk-block stk-5dbbb5d\" data-v=\"4\" data-block-id=\"5dbbb5d\"><style>.stk-5dbbb5d {align-self:center !important;}@media screen and (min-width:690px){.stk-5dbbb5d {flex:var(--stk-flex-grow, 1) 1 calc(50% - var(--stk-column-gap, 0px) * 1 \/ 2 ) !important;}}<\/style><div class=\"stk-column-wrapper stk-block-column__content stk-container stk-5dbbb5d-container stk--no-background stk--no-padding\"><div class=\"stk-block-content stk-inner-blocks stk-5dbbb5d-inner-blocks\">\n<div class=\"wp-block-stackable-image stk-block-image stk-block stk-3b1a9a5\" data-block-id=\"3b1a9a5\"><style>.stk-3b1a9a5 .stk-img-wrapper{width:78% !important;height:462px !important;}<\/style><figure><span class=\"stk-img-wrapper stk-image--shape-stretch\"><img loading=\"lazy\" decoding=\"async\" class=\"stk-img wp-image-976\" src=\"https:\/\/labrujadelatribu.com\/wp-content\/uploads\/2026\/03\/IMG_3397-scaled.jpg\" width=\"1707\" height=\"2560\" srcset=\"https:\/\/labrujadelatribu.com\/wp-content\/uploads\/2026\/03\/IMG_3397-scaled.jpg 1707w, https:\/\/labrujadelatribu.com\/wp-content\/uploads\/2026\/03\/IMG_3397-200x300.jpg 200w, https:\/\/labrujadelatribu.com\/wp-content\/uploads\/2026\/03\/IMG_3397-683x1024.jpg 683w, https:\/\/labrujadelatribu.com\/wp-content\/uploads\/2026\/03\/IMG_3397-768x1152.jpg 768w, https:\/\/labrujadelatribu.com\/wp-content\/uploads\/2026\/03\/IMG_3397-1024x1536.jpg 1024w, https:\/\/labrujadelatribu.com\/wp-content\/uploads\/2026\/03\/IMG_3397-1365x2048.jpg 1365w, https:\/\/labrujadelatribu.com\/wp-content\/uploads\/2026\/03\/IMG_3397-300x450.jpg 300w, https:\/\/labrujadelatribu.com\/wp-content\/uploads\/2026\/03\/IMG_3397-600x900.jpg 600w\" sizes=\"auto, (max-width: 1707px) 100vw, 1707px\" \/><\/span><\/figure><\/div>\n<\/div><\/div><\/div>\n<\/div><\/div><\/div>\n\n\n\n<div class=\"wp-block-stackable-feature stk-block-feature stk-block stk-c27365e is-style-default\" data-v=\"2\" data-block-id=\"c27365e\"><style>.stk-c27365e {--stk-feature-flex-wrap:nowrap !important;}<\/style><div class=\"stk-content-align stk-c27365e-column stk-container stk-c27365e-container stk--no-background stk--no-padding\"><div class=\"stk-inner-blocks stk-block-content stk-row\">\n<div class=\"wp-block-stackable-column stk-block-column stk-column stk-block stk-6405710\" data-v=\"4\" data-block-id=\"6405710\"><style>.stk-6405710 {align-self:center !important;}@media screen and (min-width:690px){.stk-6405710 {flex:var(--stk-flex-grow, 1) 1 calc(52.9% - var(--stk-column-gap, 0px) * 1 \/ 2 ) !important;}}<\/style><div class=\"stk-column-wrapper stk-block-column__content stk-container stk-6405710-container stk--no-background stk--no-padding\"><div class=\"stk-block-content stk-inner-blocks stk-6405710-inner-blocks\">\n<div class=\"wp-block-stackable-heading stk-block-heading stk-block-heading--v2 stk-block stk-acc9fdd\" id=\"mi-motor-de-vida\" data-block-id=\"acc9fdd\"><style>.stk-acc9fdd .stk-block-heading__text{font-weight:300 !important;font-family:\"tan-moncherie\", Sans-serif !important;}<\/style><h2 class=\"stk-block-heading__text has-text-align-left\">Mi motor de vida:<\/h2><\/div>\n\n\n\n<div class=\"wp-block-stackable-text stk-block-text stk-block stk-26f9cf2\" data-block-id=\"26f9cf2\"><style>.stk-26f9cf2 .stk-block-text__text{font-family:\"Raleway\", Sans-serif !important;}<\/style><p class=\"stk-block-text__text\">I deeply believe that when one person heals, something within the collective also falls into place. If you heal, I heal. We are one.<\/p><\/div>\n\n\n\n<p data-block-type=\"core\">My motivation is to be a small contribution to reminding us of the greatness we possess: loved, enough, capable, and abundant. For years I didn't feel this way; I was lost and doubted. That's why today I can truly tell you: I see you, I give you your place, and I want you to shine.<\/p>\n\n\n\n<p data-block-type=\"core\">My purpose is not only to guide processes, but to live awake, to embrace my shadows and my gifts, and to honor this human experience with love and awareness.<\/p>\n\n\n\n<p data-block-type=\"core\">The Witch of the Tribe is the living expression of that path: to heal, yes\u2026 and also to celebrate, create and live with an open heart.<\/p>\n<\/div><\/div><\/div>\n\n\n\n<div class=\"wp-block-stackable-column stk-block-column stk-column stk-block stk-eb970fc\" data-v=\"4\" data-block-id=\"eb970fc\"><style>.stk-eb970fc {align-self:center !important;}@media screen and (min-width:690px){.stk-eb970fc {flex:var(--stk-flex-grow, 1) 1 calc(47.1% - var(--stk-column-gap, 0px) * 1 \/ 2 ) !important;}}<\/style><div class=\"stk-column-wrapper stk-block-column__content stk-container stk-eb970fc-container stk--no-background stk--no-padding\"><div class=\"stk-block-content stk-inner-blocks stk-eb970fc-inner-blocks\">\n<div class=\"wp-block-stackable-image stk-block-image stk-block stk-a666e43\" data-block-id=\"a666e43\"><style>.stk-a666e43 .stk-img-wrapper{width:82% !important;height:470px !important;}<\/style><figure><span class=\"stk-img-wrapper stk-image--shape-stretch\"><img loading=\"lazy\" decoding=\"async\" class=\"stk-img wp-image-978\" src=\"https:\/\/labrujadelatribu.com\/wp-content\/uploads\/2026\/03\/IMG_3481-scaled.jpg\" width=\"1707\" height=\"2560\" srcset=\"https:\/\/labrujadelatribu.com\/wp-content\/uploads\/2026\/03\/IMG_3481-scaled.jpg 1707w, https:\/\/labrujadelatribu.com\/wp-content\/uploads\/2026\/03\/IMG_3481-200x300.jpg 200w, https:\/\/labrujadelatribu.com\/wp-content\/uploads\/2026\/03\/IMG_3481-683x1024.jpg 683w, https:\/\/labrujadelatribu.com\/wp-content\/uploads\/2026\/03\/IMG_3481-768x1152.jpg 768w, https:\/\/labrujadelatribu.com\/wp-content\/uploads\/2026\/03\/IMG_3481-1024x1536.jpg 1024w, https:\/\/labrujadelatribu.com\/wp-content\/uploads\/2026\/03\/IMG_3481-1365x2048.jpg 1365w, https:\/\/labrujadelatribu.com\/wp-content\/uploads\/2026\/03\/IMG_3481-300x450.jpg 300w, https:\/\/labrujadelatribu.com\/wp-content\/uploads\/2026\/03\/IMG_3481-600x900.jpg 600w\" sizes=\"auto, (max-width: 1707px) 100vw, 1707px\" \/><\/span><\/figure><\/div>\n<\/div><\/div><\/div>\n<\/div><\/div><\/div>\n\n\n\n<div class=\"wp-block-stackable-feature stk-block-feature stk-block stk-327bea3 is-style-default\" data-v=\"2\" data-block-id=\"327bea3\"><style>.stk-327bea3 {--stk-feature-flex-wrap:nowrap !important;}<\/style><div class=\"stk-content-align stk-327bea3-column stk-container stk-327bea3-container stk--no-background stk--no-padding\"><div class=\"stk-inner-blocks stk-block-content stk-row\">\n<div class=\"wp-block-stackable-column stk-block-column stk-column stk-block stk-9b12f39\" data-v=\"4\" data-block-id=\"9b12f39\"><style>.stk-9b12f39 {align-self:center !important;}@media screen and (min-width:690px){.stk-9b12f39 {flex:var(--stk-flex-grow, 1) 1 calc(52.6% - var(--stk-column-gap, 0px) * 1 \/ 2 ) !important;}}<\/style><div class=\"stk-column-wrapper stk-block-column__content stk-container stk-9b12f39-container stk--no-background stk--no-padding\"><div class=\"stk-block-content stk-inner-blocks stk-9b12f39-inner-blocks\">\n<div class=\"wp-block-stackable-heading stk-block-heading stk-block-heading--v2 stk-block stk-8a05ee4\" id=\"mi-experiencia\" data-block-id=\"8a05ee4\"><style>.stk-8a05ee4 .stk-block-heading__text{font-weight:300 !important;font-family:\"tan-moncherie\", Sans-serif !important;}<\/style><h2 class=\"stk-block-heading__text\">My Experience<\/h2><\/div>\n\n\n\n<div class=\"wp-block-stackable-text stk-block-text stk-block stk-23e8c34\" data-block-id=\"23e8c34\"><style>.stk-23e8c34 .stk-block-text__text{font-family:\"Raleway\", Sans-serif !important;}<\/style><p class=\"stk-block-text__text\">I integrate astrology, tarot, Akashic Records, Bach flower therapy and transgenerational systemic work.<\/p><\/div>\n\n\n\n<p data-block-type=\"core\">More than tools, I offer a holistic approach: a space where body, soul, and family system meet to organize the root.<\/p>\n\n\n\n<p data-block-type=\"core\">I accompany you through family constellations, cacao ceremonies, and profound processes that transform how you inhabit love, money, relationships, and your own worth.<\/p>\n\n\n\n<p data-block-type=\"core\">I believe in conscious processes that reorganize the unconscious, transform beliefs, and, consequently, your reality. I'll guide you in reprogramming yourself and taking back control of your life.<\/p>\n<\/div><\/div><\/div>\n\n\n\n<div class=\"wp-block-stackable-column stk-block-column stk-column stk-block stk-a82b4b1\" data-v=\"4\" data-block-id=\"a82b4b1\"><style>.stk-a82b4b1 {align-self:center !important;}@media screen and (min-width:690px){.stk-a82b4b1 {flex:var(--stk-flex-grow, 1) 1 calc(47.4% - var(--stk-column-gap, 0px) * 1 \/ 2 ) !important;}}<\/style><div class=\"stk-column-wrapper stk-block-column__content stk-container stk-a82b4b1-container stk--no-background stk--no-padding\"><div class=\"stk-block-content stk-inner-blocks stk-a82b4b1-inner-blocks\">\n<div class=\"wp-block-stackable-image stk-block-image stk-block stk-90ccc32\" data-block-id=\"90ccc32\"><style>.stk-90ccc32 .stk-img-wrapper{width:78% !important;height:500px !important;}.stk-90ccc32 .stk-img-wrapper img{transform:scale(1.14) !important;object-position:76% 42% !important;}<\/style><figure><span class=\"stk-img-wrapper stk-image--shape-stretch\"><img loading=\"lazy\" decoding=\"async\" class=\"stk-img wp-image-977\" src=\"https:\/\/labrujadelatribu.com\/wp-content\/uploads\/2026\/03\/IMG_3419-scaled.jpg\" width=\"1707\" height=\"2560\"\/><\/span><\/figure><\/div>\n<\/div><\/div><\/div>\n<\/div><\/div><\/div>\n\n\n\n<div class=\"wp-block-stackable-heading stk-block-heading stk-block-heading--v2 stk-block stk-b71e561\" data-block-id=\"b71e561\"><h2 class=\"stk-block-heading__text\"><\/h2><\/div>\n\n\n\n<p data-block-type=\"core\"><\/p>","protected":false},"excerpt":{"rendered":"<p>\u00bfQui\u00e9n soy yo? Hola Me llamo Isidora y soy creadora de este espacio. Soy terapeuta transgeneracional y gu\u00eda en constelaciones familiares y ceremonias de sanaci\u00f3n profunda. La Bruja de la Tribu nace de mi propio camino. De preguntas inc\u00f3modas, de heridas abiertas y de esa sensaci\u00f3n persistente de que algunos conflictos se repet\u00edan una y [&hellip;]<\/p>\n","protected":false},"author":1,"featured_media":0,"parent":0,"menu_order":0,"comment_status":"closed","ping_status":"closed","template":"","meta":{"footnotes":""},"class_list":["post-203","page","type-page","status-publish","hentry"],"blocksy_meta":{"styles_descriptor":{"styles":{"desktop":"","tablet":"","mobile":""},"google_fonts":[],"version":6},"page_title_panel":"","has_hero_section":"disabled","cae18c3de7bedc5b6f53f33572e01345":"","hero_section":"type-1","hero_elements":[{"id":"custom_title","enabled":true,"heading_tag":"h1","title":"Home"},{"id":"custom_description","enabled":true,"description_visibility":{"desktop":true,"tablet":true,"mobile":false}},{"id":"custom_meta","enabled":false,"meta_elements":[{"id":"author","enabled":true,"label":"By","has_author_avatar":"yes","avatar_size":25},{"id":"post_date","enabled":true,"label":"On","date_format_source":"default","date_format":"M j, Y"},{"id":"updated_date","enabled":false,"label":"On","date_format_source":"default","date_format":"M j, Y"},{"id":"categories","enabled":false,"label":"In","style":"simple"},{"id":"comments","enabled":true}],"page_meta_elements":{"joined":true,"articles_count":true,"comments":true}},{"id":"breadcrumbs","enabled":false}],"36e4f14ca74f76b48dbacffcd0ea6f6d":"","hero_alignment1":"CT_CSS_SKIP_RULE","hero_margin":40,"hero_alignment2":"center","hero_vertical_alignment":"center","824d71bcf27c0666174c1f297f46a76c":"","hero_structure":"narrow","25a426c6e3c98f1883c681c2edab9ce7":"","page_title_bg_type":"featured_image","custom_hero_background":{"attachment_id":null},"parallax":{"desktop":false,"tablet":false,"mobile":false},"76980b1f4241e0ba1115be40644c3e4a":"","hero_height":"250px","pageTitleFont":{"family":"Default","variation":"Default","size":"30px","line-height":"CT_CSS_SKIP_RULE","letter-spacing":"CT_CSS_SKIP_RULE","text-transform":"CT_CSS_SKIP_RULE","text-decoration":"CT_CSS_SKIP_RULE"},"pageTitleFontColor":{"default":{"color":"CT_CSS_SKIP_RULEDEFAULT"}},"pageMetaFont":{"family":"Default","variation":"n6","size":"12px","line-height":"1.3","letter-spacing":"CT_CSS_SKIP_RULE","text-transform":"uppercase","text-decoration":"CT_CSS_SKIP_RULE"},"pageMetaFontColor":{"default":{"color":"CT_CSS_SKIP_RULEDEFAULT"},"hover":{"color":"CT_CSS_SKIP_RULEDEFAULT"}},"page_meta_button_type_font_colors":{"default":{"color":"CT_CSS_SKIP_RULEDEFAULT"},"hover":{"color":"CT_CSS_SKIP_RULEDEFAULT"}},"page_meta_button_type_background_colors":{"default":{"color":"CT_CSS_SKIP_RULEDEFAULT"},"hover":{"color":"CT_CSS_SKIP_RULEDEFAULT"}},"pageExcerptFont":{"family":"Default","variation":"Default","size":"CT_CSS_SKIP_RULE","line-height":"CT_CSS_SKIP_RULE","letter-spacing":"CT_CSS_SKIP_RULE","text-transform":"CT_CSS_SKIP_RULE","text-decoration":"CT_CSS_SKIP_RULE"},"pageExcerptColor":{"default":{"color":"CT_CSS_SKIP_RULEDEFAULT"}},"breadcrumbsFont":{"family":"Default","variation":"Default","size":"CT_CSS_SKIP_RULE","line-height":"CT_CSS_SKIP_RULE","letter-spacing":"CT_CSS_SKIP_RULE","text-transform":"CT_CSS_SKIP_RULE","text-decoration":"CT_CSS_SKIP_RULE"},"breadcrumbsFontColor":{"default":{"color":"CT_CSS_SKIP_RULEDEFAULT"},"initial":{"color":"CT_CSS_SKIP_RULEDEFAULT"},"hover":{"color":"CT_CSS_SKIP_RULEDEFAULT"}},"pageTitleOverlay":{"background_type":"color","background_pattern":"type-1","background_image":{"attachment_id":null,"x":0,"y":0},"gradient":"linear-gradient(135deg,rgba(6,147,227,1) 0%,rgb(155,81,224) 100%)","background_repeat":"repeat","background_size":"auto","background_attachment":"scroll","patternColor":{"default":{"color":"#e5e7ea"}},"overlayColor":{"default":{"color":"CT_CSS_SKIP_RULE"}},"backgroundColor":{"default":{"color":"CT_CSS_SKIP_RULE"}}},"pageTitleBackground":{"background_type":"color","background_pattern":"type-1","background_image":{"attachment_id":null,"x":0,"y":0},"gradient":"linear-gradient(135deg,rgba(6,147,227,1) 0%,rgb(155,81,224) 100%)","background_repeat":"repeat","background_size":"auto","background_attachment":"scroll","patternColor":{"default":{"color":"#e5e7ea"}},"overlayColor":{"default":{"color":"CT_CSS_SKIP_RULE"}},"backgroundColor":{"default":{"color":"var(--theme-palette-color-6)"}}},"pageTitlePadding":{"top":"50px","bottom":"50px","left":"auto","right":"auto","linked":true},"727838cdb0b1b4a50b61a179627d1773":"","page_structure_type":"default","bf2280b6f99e95fe8df362e1d9c4e945":"","content_style_source":"inherit","content_style":"wide","vertical_spacing_source":"custom","content_area_spacing":"none","background":{"background_type":"color","background_pattern":"type-1","background_image":{"attachment_id":null,"x":0,"y":0},"gradient":"linear-gradient(135deg,rgba(6,147,227,1) 0%,rgb(155,81,224) 100%)","background_repeat":"repeat","background_size":"auto","background_attachment":"scroll","patternColor":{"default":{"color":"#e5e7ea"}},"overlayColor":{"default":{"color":"CT_CSS_SKIP_RULE"}},"backgroundColor":{"default":{"color":"CT_CSS_SKIP_RULE"}}},"content_background":{"background_type":"color","background_pattern":"type-1","background_image":{"attachment_id":null,"x":0,"y":0},"gradient":"linear-gradient(135deg,rgba(6,147,227,1) 0%,rgb(155,81,224) 100%)","background_repeat":"repeat","background_size":"auto","background_attachment":"scroll","patternColor":{"default":{"color":"#e5e7ea"}},"overlayColor":{"default":{"color":"CT_CSS_SKIP_RULE"}},"backgroundColor":{"default":{"color":"var(--theme-palette-color-8)"}}},"content_boxed_shadow":{"inherit":false,"blur":18,"spread":-6,"v_offset":12,"h_offset":0,"inset":false,"enable":true,"color":{"color":"rgba(34, 56, 101, 0.04)"}},"boxed_content_spacing":{"desktop":{"top":"40px","bottom":"40px","left":"40px","right":"40px","linked":true},"tablet":{"top":"35px","bottom":"35px","left":"35px","right":"35px","linked":true},"mobile":{"top":"20px","bottom":"20px","left":"20px","right":"20px","linked":true}},"content_boxed_radius":{"top":"3px","bottom":"3px","left":"3px","right":"3px","linked":true},"203928799f3efe87295f481e9e43b493":"","disable_featured_image":"no","disable_share_box":"no","disable_header":"no","disable_footer":"no"},"_hostinger_reach_plugin_has_subscription_block":false,"_hostinger_reach_plugin_is_elementor":false,"_links":{"self":[{"href":"https:\/\/labrujadelatribu.com\/en\/wp-json\/wp\/v2\/pages\/203","targetHints":{"allow":["GET"]}}],"collection":[{"href":"https:\/\/labrujadelatribu.com\/en\/wp-json\/wp\/v2\/pages"}],"about":[{"href":"https:\/\/labrujadelatribu.com\/en\/wp-json\/wp\/v2\/types\/page"}],"author":[{"embeddable":true,"href":"https:\/\/labrujadelatribu.com\/en\/wp-json\/wp\/v2\/users\/1"}],"replies":[{"embeddable":true,"href":"https:\/\/labrujadelatribu.com\/en\/wp-json\/wp\/v2\/comments?post=203"}],"version-history":[{"count":10,"href":"https:\/\/labrujadelatribu.com\/en\/wp-json\/wp\/v2\/pages\/203\/revisions"}],"predecessor-version":[{"id":981,"href":"https:\/\/labrujadelatribu.com\/en\/wp-json\/wp\/v2\/pages\/203\/revisions\/981"}],"wp:attachment":[{"href":"https:\/\/labrujadelatribu.com\/en\/wp-json\/wp\/v2\/media?parent=203"}],"curies":[{"name":"wp","href":"https:\/\/api.w.org\/{rel}","templated":true}]}}